{"id":304,"date":"2025-03-30T19:15:41","date_gmt":"2025-03-30T16:15:41","guid":{"rendered":"https:\/\/burakekremserbetci.com.tr\/?page_id=304"},"modified":"2025-09-28T17:05:14","modified_gmt":"2025-09-28T14:05:14","slug":"yasal-bilgilendirme","status":"publish","type":"page","link":"https:\/\/burakekremserbetci.com.tr\/en\/yasal-bilgilendirme\/","title":{"rendered":"Yasal Bilgilendirme"},"content":{"rendered":"<figure class=\"wp-block-pullquote has-text-align-center\"><blockquote><p><strong><em>K\u00dcNY<\/em><\/strong>E<br><strong><em>\u00dcnvan\u0131:<\/em><\/strong> Burak Ekrem \u015eerbet\u00e7i<br><strong>Y\u00f6netim yeri:<\/strong> \u0130stanbul T\u00fcrkiye<br><strong>\u0130leti\u015fim:<\/strong> iletisim@burakekremserbetci.com.tr<br><strong>Web sitesinin amac\u0131:<\/strong> Ki\u015fisel blog<br><strong>Yer Sa\u011flay\u0131c\u0131:<\/strong> Hayal Host \u0130nternet ve Bili\u015fim Teknolojileri Sanayi Ticaret Limited \u015eirketi<\/p><\/blockquote><\/figure>\n\n\n\n<blockquote class=\"wp-block-quote is-layout-flow wp-block-quote-is-layout-flow\" style=\"border-style:none;border-width:0px\">\n<figure class=\"wp-block-pullquote\"><blockquote><p><strong>Gizlilik Politikas\u0131<\/strong> <strong>ve Ayd\u0131nlatma Metni<\/strong><br>Bu gizlilik politikas\u0131 ve ayd\u0131nlatma metni sayfas\u0131, www.burakekremserbetci.com.tr adl\u0131 ki\u015fisel blog sitesinde ziyaret\u00e7ilerin gizlili\u011finin nas\u0131l korundu\u011funu a\u00e7\u0131klamaktad\u0131r. Blogu kulland\u0131\u011f\u0131n\u0131zda, bu politikay\u0131 kabul etmi\u015f olursunuz. L\u00fctfen a\u015fa\u011f\u0131daki bilgileri dikkatlice okuyun.<br><strong>1. Ki\u015fisel Bilgiler<\/strong><br>Bu web sitesini ziyaret etti\u011finizde, do\u011frudan ki\u015fisel bilgiler toplamasa da, yorum yazmak i\u00e7in ad, soyad ve e-posta adresi gibi bilgilerinizi girmeniz gerekmektedir. Bu bilgiler yaln\u0131zca yorumunuzla birlikte (e-posta adresi hari\u00e7) g\u00f6sterilecek olup, ki\u015fisel verileriniz ba\u015fka bir ama\u00e7la kullan\u0131lmaz. E-posta adresiniz yaln\u0131zca ileti\u015fim amac\u0131yla kullan\u0131labilir ve kesinlikle \u00fc\u00e7\u00fcnc\u00fc \u015fah\u0131slara aktar\u0131lmaz. Sitede \u00fcyelik olu\u015fturma veya y\u00f6netme se\u00e7ene\u011fi bulunmamaktad\u0131r.<br><strong>2. \u00c7erezler (Cookies)<\/strong><br>Bu web sitesi kullan\u0131c\u0131 deneyimini iyile\u015ftirmek amac\u0131yla \u00e7erezler kullanabilir. \u00c7erezler, bir web sitesi taraf\u0131ndan bilgisayar\u0131n\u0131za veya mobil cihaz\u0131n\u0131za g\u00f6nderilen k\u00fc\u00e7\u00fck dosyalard\u0131r. \u00c7erezler, siteyi nas\u0131l kulland\u0131\u011f\u0131n\u0131z\u0131 analiz etmemize, tercihlerinizi hat\u0131rlamam\u0131za ve size daha ki\u015fiselle\u015ftirilmi\u015f bir deneyim sunmam\u0131za yard\u0131mc\u0131 olabilir. Bu web sitesinde kullan\u0131lan \u00e7erezler yaln\u0131zca bir ay s\u00fcreyle saklanmaktad\u0131r. \u00c7erezleri taray\u0131c\u0131 ayarlar\u0131n\u0131zdan ve web sitesi \u00fczerinde bulunan \u00e7erez y\u00f6neticisinden y\u00f6netebilirsiniz, ancak baz\u0131 \u00f6zellikler \u00e7erezler devre d\u0131\u015f\u0131 b\u0131rak\u0131ld\u0131\u011f\u0131nda d\u00fczg\u00fcn \u00e7al\u0131\u015fmayabilir. Bu web sitesi \u00e7erezleri y\u00f6netmek i\u00e7in bir \u00e7erez y\u00f6netim eklentisi kullanmaktad\u0131r.<br><strong>3. \u00dc\u00e7\u00fcnc\u00fc Taraf Ba\u011flant\u0131lar, Reklamlar ve Kullan\u0131lan \u00dcr\u00fcn ve Servisler<\/strong><br>Bu web sitesinde \u00fc\u00e7\u00fcnc\u00fc taraf sitelere y\u00f6nlendiren ba\u011flant\u0131lar olabilir. Bu ba\u011flant\u0131lar yaln\u0131zca size faydal\u0131 bilgi sa\u011flamak amac\u0131yla eklenmi\u015ftir. Ancak, bu \u00fc\u00e7\u00fcnc\u00fc taraf sitelerin gizlilik politikalar\u0131ndan bu web sitesi sorumlu de\u011fildir. \u00dc\u00e7\u00fcnc\u00fc taraf sitelere y\u00f6nlendirilirken l\u00fctfen ilgili sitelerin gizlilik politikalar\u0131n\u0131 inceleyiniz. \u00dc\u00e7\u00fcnc\u00fc taraf bir siteye,ba\u011flant\u0131ya ait adresler a\u00e7\u0131k bir formatta g\u00f6sterilir. Web sitemizde herhangi bir reklam yer almamaktad\u0131r. <br>Buna paralel olarak bu web sitesi hizmeti s\u00fcrd\u00fcrebilmek ad\u0131na \u00e7e\u015fitli \u00fcr\u00fcn ve servisler kullanmaktad\u0131r. <br><strong>\u00c7erez Y\u00f6netimi:<\/strong> CookieYes<br><strong>\u0130\u00e7erik Koruma:<\/strong> WP Content Copy Protection &amp; No Right Click<br><strong>\u0130statistik ve arama motorlar\u0131 ile ilgili i\u015flemler:<\/strong>\u00a0Google Search Console, WordPress<br><strong>Web sitesi sistem ve y\u00f6netimi:<\/strong> WordPress<br><strong>4. Veri G\u00fcvenli\u011fi<\/strong><br>Bu web sitesini kullan\u0131rken, herhangi bir ki\u015fisel bilgi toplanmasa da, sitemiz \u00fczerinden g\u00f6nderdi\u011finiz e-posta veya ileti\u015fim bilgileri, g\u00fcvende tutulmas\u0131 i\u00e7in gerekli \u00f6nlemlerle korunacakt\u0131r. ancak internet \u00fczerinden yap\u0131lan t\u00fcm veri iletimi, %100 g\u00fcvenli olamayabilir. Bu y\u00fczden, iletti\u011finiz bilgilerin g\u00fcvenli\u011fi konusunda dikkatli olman\u0131z \u00f6nerilir.<br><strong>5. \u00c7ocuklar\u0131n Gizlili\u011fi<\/strong><br>Bu web sitesi, t\u00fcm ya\u015f gruplar\u0131na hitap etmektedir ve \u00e7ocuklara dair zarar verici herhangi bir i\u00e7erik bar\u0131nd\u0131rmamaktad\u0131r. Blogumuzda yer alan i\u00e7erikler, her ya\u015ftan birey taraf\u0131ndan g\u00fcvenle ziyaret edilebilir. Ancak, k\u00fc\u00e7\u00fck \u00e7ocuklardan kas\u0131tl\u0131 olarak ki\u015fisel bilgi toplanmad\u0131\u011f\u0131n\u0131 belirtmek isteriz. E\u011fer bir \u00e7ocu\u011fun ki\u015fisel bilgilerini toplad\u0131\u011f\u0131m\u0131zdan haberdar olursak, bu verileri derhal sileriz.<br><strong>6. Gizlilik Politikas\u0131 De\u011fi\u015fiklikleri<\/strong><br>Bu web sitesi gizlilik politikas\u0131 zaman zaman de\u011fi\u015febilir. Politikada yap\u0131lan de\u011fi\u015fiklikler, bu sayfada g\u00fcncellenerek duyurulacakt\u0131r. Bu nedenle, gizlilik politikas\u0131n\u0131 d\u00fczenli olarak g\u00f6zden ge\u00e7irmeniz \u00f6nemlidir.<br><strong>7. \u0130leti\u015fim<\/strong><br>E\u011fer gizlilik politikas\u0131 hakk\u0131nda (ya da herhangi bir konuda) sorunuz,\u00f6neriniz,mesaj\u0131n\u0131z veya endi\u015feniz varsa, bu sayfada belirtilen ileti\u015fim kanallar\u0131 ile irtibata ge\u00e7mekten \u00e7ekinmeyin. Belirtilen kanallardan ileti\u015fime ge\u00e7erken ki\u015fisel veri payla\u015fmamaya \u00f6zen g\u00f6sterin. Payla\u015fm\u0131\u015f oldu\u011funuz t\u00fcm bilgiler sizinle ileti\u015fime ge\u00e7mek i\u00e7in kullan\u0131labilir. Aksi halde derhal silinecektir.<\/p><\/blockquote><\/figure>\n<\/blockquote>\n\n\n\n<figure class=\"wp-block-pullquote\"><blockquote><p><strong>Telif Hakk\u0131<\/strong><br>Bu web sitesinde yer alan i\u00e7erikler Burak Ekrem \u015eerbet\u00e7i ye aittir. Al\u0131nt\u0131 bir i\u00e7erik olmas\u0131 durumunda ilgili i\u00e7eri\u011fin bulundu\u011fu sayfada bu durum haricen bildirilir. Kaynak belirtilmesi ko\u015fulu ile i\u00e7erikler ba\u015fka platformlarda ba\u011flant\u0131 adresi ile veya ekran g\u00f6r\u00fcnt\u00fcs\u00fc ile payla\u015f\u0131labilir. Bu web sitesi \u00fczerindeki herhangi bir i\u00e7eri\u011fe ihtiyac\u0131n\u0131z var ise veya taraf\u0131n\u0131za ait oldu\u011funu d\u00fc\u015f\u00fcnd\u00fc\u011f\u00fcn\u00fcz bir i\u00e7erik s\u00f6z konusu ise bu sayfada belirtilen ileti\u015fim kanallar\u0131 ile irtibata ge\u00e7mekten \u00e7ekinmeyin.<br><\/p><\/blockquote><\/figure>\n\n\n\n<p>Sayfan\u0131n son g\u00fcncellenme tarihi: 28.09.2025<\/p>","protected":false},"excerpt":{"rendered":"<p>K\u00dcNYE\u00dcnvan\u0131: Burak Ekrem \u015eerbet\u00e7iY\u00f6netim yeri: \u0130stanbul T\u00fcrkiye\u0130leti\u015fim: iletisim@burakekremserbetci.com.trWeb sitesinin amac\u0131: Ki\u015fisel blogYer Sa\u011flay\u0131c\u0131: Hayal Host \u0130nternet ve Bili\u015fim Teknolojileri Sanayi Ticaret Limited \u015eirketi Gizlilik Politikas\u0131 ve Ayd\u0131nlatma MetniBu gizlilik politikas\u0131 ve ayd\u0131nlatma metni sayfas\u0131, www.burakekremserbetci.com.tr adl\u0131 ki\u015fisel blog sitesinde ziyaret\u00e7ilerin gizlili\u011finin nas\u0131l korundu\u011funu a\u00e7\u0131klamaktad\u0131r. Blogu kulland\u0131\u011f\u0131n\u0131zda, bu politikay\u0131 kabul etmi\u015f olursunuz. L\u00fctfen a\u015fa\u011f\u0131daki bilgileri dikkatlice&#8230;<\/p>","protected":false},"author":1,"featured_media":0,"parent":0,"menu_order":0,"comment_status":"closed","ping_status":"closed","template":"","meta":{"footnotes":""},"class_list":["post-304","page","type-page","status-publish","hentry"],"_links":{"self":[{"href":"https:\/\/burakekremserbetci.com.tr\/en\/wp-json\/wp\/v2\/pages\/304","targetHints":{"allow":["GET"]}}],"collection":[{"href":"https:\/\/burakekremserbetci.com.tr\/en\/wp-json\/wp\/v2\/pages"}],"about":[{"href":"https:\/\/burakekremserbetci.com.tr\/en\/wp-json\/wp\/v2\/types\/page"}],"author":[{"embeddable":true,"href":"https:\/\/burakekremserbetci.com.tr\/en\/wp-json\/wp\/v2\/users\/1"}],"replies":[{"embeddable":true,"href":"https:\/\/burakekremserbetci.com.tr\/en\/wp-json\/wp\/v2\/comments?post=304"}],"version-history":[{"count":25,"href":"https:\/\/burakekremserbetci.com.tr\/en\/wp-json\/wp\/v2\/pages\/304\/revisions"}],"predecessor-version":[{"id":682,"href":"https:\/\/burakekremserbetci.com.tr\/en\/wp-json\/wp\/v2\/pages\/304\/revisions\/682"}],"wp:attachment":[{"href":"https:\/\/burakekremserbetci.com.tr\/en\/wp-json\/wp\/v2\/media?parent=304"}],"curies":[{"name":"wp","href":"https:\/\/api.w.org\/{rel}","templated":true}]}}